{"id":2,"date":"2023-10-13T06:33:06","date_gmt":"2023-10-13T06:33:06","guid":{"rendered":"https:\/\/johannesfelder.com\/?page_id=2"},"modified":"2023-10-13T07:50:21","modified_gmt":"2023-10-13T07:50:21","slug":"sample-page","status":"publish","type":"page","link":"https:\/\/johannesfelder.com\/?page_id=2","title":{"rendered":"Impressum | Legal Notice"},"content":{"rendered":"\n<h2 class=\"wp-block-heading\">awee GmBH<\/h2>\n\n\n\n<p><strong>awee agency, awee \u2013 sonic storytellers, awfully nice studios und awee games sind Marken von awee gmBH<\/strong><\/p>\n\n\n\n<p>awee agency, awee \u2013 sonic storytellers, awfully nice studios, and awee games are trademarks of awee gmBH.<\/p>\n\n\n\n<p>wee@awee.agency<\/p>\n\n\n\n<p>\u200dawee GmbH<\/p>\n\n\n\n<p>Claudiastra\u00dfe 20<br>6020 Innsbruck<br>\u00d6sterreich<\/p>\n\n\n\n<p>Gesch\u00e4ftsf\u00fchrer: Johannes Felder<\/p>\n\n\n\n<p>UID: ATU76330926<\/p>\n\n\n\n<p>Firmenbuchnummer: FN 543904i<\/p>\n\n\n\n<p>Zust\u00e4ndiges Gericht: Landesgericht Innsbruck<\/p>\n\n\n\n<p>Sitz der Gesellschaft: Innsbruck<\/p>\n\n\n\n<p>Mitglied bei: WKT<\/p>\n\n\n\n<p>Berufsrecht: Gewerbeordnung: www.ris.bka.gv.at<\/p>\n\n\n\n<p>Zust\u00e4ndige Aufsichtsbeh\u00f6rde: \u00d6sterreich<\/p>\n\n\n\n<p><strong>Wir verwenden keine Cookies oder sammeln deine Daten.<\/strong><\/p>\n\n\n\n<hr class=\"wp-block-separator has-alpha-channel-opacity\"\/>\n\n\n\n<p>CEO: Johannes Felder<\/p>\n\n\n\n<p>UID: ATU76330926<\/p>\n\n\n\n<p>Commercial Register Number: FN 543904i<\/p>\n\n\n\n<p>Competent Court: Local Court Innsbruck<\/p>\n\n\n\n<p>Registered Office: Innsbruck<\/p>\n\n\n\n<p>Member of: WKT<\/p>\n\n\n\n<p>Professional Law: Trade Regulation: www.ris.bka.gv.at<\/p>\n\n\n\n<p>Supervisory Authority: Austria<\/p>\n\n\n\n<h2 class=\"wp-block-heading\">We don\u2019t use Cookies or collect your data.&nbsp;<\/h2>\n","protected":false},"excerpt":{"rendered":"<p>awee GmBH awee agency, awee \u2013 sonic storytellers, awfully nice studios und awee games sind Marken von awee gmBH awee agency, awee \u2013 sonic storytellers, awfully nice studios, and awee games are trademarks of awee gmBH. wee@awee.agency \u200dawee GmbH Claudiastra\u00dfe 206020 Innsbruck\u00d6sterreich Gesch\u00e4ftsf\u00fchrer: Johannes Felder UID: ATU76330926 Firmenbuchnummer: FN 543904i Zust\u00e4ndiges Gericht: Landesgericht Innsbruck Sitz [&hellip;]<\/p>\n","protected":false},"author":1,"featured_media":0,"parent":0,"menu_order":0,"comment_status":"closed","ping_status":"open","template":"","meta":{"footnotes":""},"class_list":["post-2","page","type-page","status-publish","hentry"],"aioseo_notices":[],"_links":{"self":[{"href":"https:\/\/johannesfelder.com\/index.php?rest_route=\/wp\/v2\/pages\/2","targetHints":{"allow":["GET"]}}],"collection":[{"href":"https:\/\/johannesfelder.com\/index.php?rest_route=\/wp\/v2\/pages"}],"about":[{"href":"https:\/\/johannesfelder.com\/index.php?rest_route=\/wp\/v2\/types\/page"}],"author":[{"embeddable":true,"href":"https:\/\/johannesfelder.com\/index.php?rest_route=\/wp\/v2\/users\/1"}],"replies":[{"embeddable":true,"href":"https:\/\/johannesfelder.com\/index.php?rest_route=%2Fwp%2Fv2%2Fcomments&post=2"}],"version-history":[{"count":1,"href":"https:\/\/johannesfelder.com\/index.php?rest_route=\/wp\/v2\/pages\/2\/revisions"}],"predecessor-version":[{"id":12,"href":"https:\/\/johannesfelder.com\/index.php?rest_route=\/wp\/v2\/pages\/2\/revisions\/12"}],"wp:attachment":[{"href":"https:\/\/johannesfelder.com\/index.php?rest_route=%2Fwp%2Fv2%2Fmedia&parent=2"}],"curies":[{"name":"wp","href":"https:\/\/api.w.org\/{rel}","templated":true}]}}